{"id":774,"date":"2023-01-28T14:25:27","date_gmt":"2023-01-28T13:25:27","guid":{"rendered":"https:\/\/www.automazionisrl.com\/privacy-policy\/"},"modified":"2023-01-30T13:22:36","modified_gmt":"2023-01-30T12:22:36","slug":"privacy-policy","status":"publish","type":"page","link":"https:\/\/www.automazionisrl.com\/en\/privacy-policy\/","title":{"rendered":"Privacy Policy"},"content":{"rendered":"\t\t<div data-elementor-type=\"wp-page\" data-elementor-id=\"774\" class=\"elementor elementor-774 elementor-3\">\n\t\t\t\t\t\t\t\t\t<section class=\"elementor-section elementor-top-section elementor-element elementor-element-25320812 elementor-section-boxed elementor-section-height-default elementor-section-height-default\" data-id=\"25320812\" data-element_type=\"section\">\n\t\t\t\t\t\t<div class=\"elementor-container elementor-column-gap-default\">\n\t\t\t\t\t<div class=\"elementor-column elementor-col-100 elementor-top-column elementor-element elementor-element-5f1e01be\" data-id=\"5f1e01be\" data-element_type=\"column\">\n\t\t\t<div class=\"elementor-widget-wrap elementor-element-populated\">\n\t\t\t\t\t\t\t\t<div class=\"elementor-element elementor-element-59faad80 elementor-widget elementor-widget-text-editor\" data-id=\"59faad80\" data-element_type=\"widget\" data-widget_type=\"text-editor.default\">\n\t\t\t\t<div class=\"elementor-widget-container\">\n\t\t\t<style>\/*! elementor - v3.10.2 - 29-01-2023 *\/\n.elementor-widget-text-editor.elementor-drop-cap-view-stacked .elementor-drop-cap{background-color:#818a91;color:#fff}.elementor-widget-text-editor.elementor-drop-cap-view-framed .elementor-drop-cap{color:#818a91;border:3px solid;background-color:transparent}.elementor-widget-text-editor:not(.elementor-drop-cap-view-default) .elementor-drop-cap{margin-top:8px}.elementor-widget-text-editor:not(.elementor-drop-cap-view-default) .elementor-drop-cap-letter{width:1em;height:1em}.elementor-widget-text-editor .elementor-drop-cap{float:left;text-align:center;line-height:1;font-size:50px}.elementor-widget-text-editor .elementor-drop-cap-letter{display:inline-block}<\/style>\t\t\t\t<h2 style=\"text-align: center;\">PRIVACY E NOTE LEGALI<\/h2>\r\n<h4 style=\"text-align: center;\">Informativa ai sensi dell\u2019art. 13 del D.Lgs. 196\/03 Codice in materia di protezione dei dati personali<\/h4>\r\n<p>I Suoi dati personali saranno trattati nel rispetto della disciplina di legge per l\u2019evasione degli ordini, l\u2019erogazione dei servizi per i quali \u00e8 prevista la registrazione e per gli altri scopi indicati nella presente informativa; il trattamento sar\u00e0 improntato ai principi di correttezza, liceit\u00e0 e trasparenza e di tutela della Sua riservatezza.<\/p>\r\n<p>Le modalit\u00e0 del trattamento prevedono l\u2019utilizzo di strumenti manuali, informatici e telematici (ivi compresi telefax, telefono, anche senza assistenza di operatore, posta elettronica, SMS ed altri sistemi informatici e\/o automatizzati di comunicazione) e sono comunque tali da assicurare la sicurezza e riservatezza dei dati stessi.<\/p>\r\n<p>Il titolare del trattamento \u00e8 Automazioni Srl, via Palladio 19, 33010 Tavagnacco (Ud) \u2013 tel. +39 0432 571491 fax +39 0432 572510 \u2013 info@automazionisrl.com, Registro Imprese di Udine nr. 01738700309.<\/p>\r\n<p>Il responsabile del trattamento ai sensi dell\u2019art.29 D.Lgs.196\/03 potr\u00e0 essere contattato al seguente indirizzo di posta elettronica: info@automazionisrl.com.<\/p>\r\n<p>Ai sensi dell\u2019art.7 D.Lgs.196\/03:<\/p>\r\n<p>1. L\u2019interessato ha diritto di ottenere la conferma dell\u2019esistenza o meno di dati personali che lo riguardano, anche se non ancora registrati, e la loro comunicazione in forma intelligibile.<\/p>\r\n<p>2. L\u2019interessato ha diritto di ottenere l\u2019indicazione:<br \/>a) dell\u2019origine dei dati personali<br \/>b) delle finalit\u00e0 e modalit\u00e0 del trattamento;<br \/>c) della logica applicata in caso di trattamento effettuato con l\u2019ausilio di strumenti elettronici;<br \/>d) degli estremi identificativi del titolare, dei responsabili e del rappresentante designato ai sensi dell\u2019articolo 5, comma 2;<br \/>e) dei soggetti o delle categorie di soggetti ai quali i dati personali possono essere comunicati o che possono venirne a conoscenza in qualit\u00e0 di rappresentante designato nel territorio dello Stato, di responsabili o incaricati.<\/p>\r\n<p>3. L\u2019interessato ha diritto di ottenere:<br \/>a) l\u2019aggiornamento, la rettificazione ovvero, quando vi ha interesse, l\u2019integrazione dei dati;<br \/>b) la cancellazione, la trasformazione in forma anonima o il blocco dei dati trattati in violazione di legge, compresi quelli di cui non \u00e8 necessaria la conservazione in relazione agli scopi per i quali i dati sono stati raccolti o successivamente trattati;<br \/>c) l\u2019attestazione che le operazioni di cui alle lettere a) e b) sono state portate a conoscenza, anche per quanto riguarda il loro contenuto, di coloro ai quali i dati sono stati comunicati o diffusi, eccettuato il caso in cui tale adempimento si rivela impossibile o comporta un impiego di mezzi manifestamente sproporzionato rispetto al diritto tutelato.<\/p>\r\n<p>4. L\u2019interessato ha diritto di opporsi, in tutto o in parte:<br \/>a) per motivi legittimi al trattamento dei dati personali che lo riguardano, ancorch\u00e9 pertinenti allo scopo della raccolta;<br \/>b) al trattamento di dati personali che lo riguardano a fini di invio di materiale pubblicitario o di vendita diretta o per il compimento di ricerche di mercato o di comunicazione commerciale.<\/p>\r\n<p>Lei potr\u00e0 esercitare i Suoi diritti sopra indicati nonch\u00e8 chiedere qualsiasi informazione in merito alla nostra policy di tutela dei dati personali inviando una comunicazione all\u2019indirizzo sopra indicato o inviando una e-mail a: info@automazionisrl.com.<\/p>\r\n<p>Il mancato conferimento dei dati personali segnalati come obbligatori render\u00e0 impossibile l\u2019esecuzione dell\u2019eventuale ordine mentre il mancato conferimento di quelli non contrassegnati come obbligatori non ha conseguenze ai fini dell\u2019esecuzione dell\u2019ordine.<\/p>\r\n<p>Previo Suo consenso, il titolare del trattamento potr\u00e0 trattare i Suoi dati personali per l\u2019erogazione dei servizi per i quali \u00e8 prevista la registrazione nonch\u00e9 per finalit\u00e0 commerciali quali la segnalazione di offerte, promozioni o iniziative commerciali di qualsiasi genere avviate da essa o da altri operatori. In tali casi il conferimento dei dati non \u00e8 obbligatorio e non incide sulla conclusione ed esecuzione dell\u2019eventuale ordine.<\/p>\r\n<h3 style=\"text-align: center;\">COOKIES<\/h3>\r\n<p><strong>Cosa sono i cookies?<\/strong><br \/>Un cookie \u00e8 un piccolo file di testo che i siti salvano sul tuo computer o dispositivo mobile mentre li visiti. Grazie ai cookies il sito ricorda le tue azioni e preferenze (per es. login, lingua, dimensioni dei caratteri e altre impostazioni di visualizzazione) in modo che tu non debba reinserirle quando torni sul sito o navighi da una pagina all\u2019altra.<\/p>\r\n<p>Per meglio comprendere le informazioni su cosa sono, a cosa servono e come funzionano i cookie, i cookie si possono dividere in 5 categorie:<\/p>\r\n<p>1 \u2013 Cookie necessari: questi cookie, detti anche cookie tecnici, sono indispensabili poich\u00e8 consentono di muoversi all\u2019interno del sito internet e di utilizzare le sue funzioni. Senza questi cookie, l\u2019accesso al alcune parti del sito o l\u2019utilizzo di alcuni servizi potrebbe risultare impossibile.<\/p>\r\n<p>2 \u2013 Cookie di funzionalit\u00e0: questi cookie memorizzano le scelte che sono state fatte dall\u2019utente sul sito internet (come le diverse ricerche che ha fatto o la lingua che ha scelto) e forniscono funzioni migliorate e pi\u00f9 personalizzate. Possono altres\u00ec essere utilizzati per fornire servizi che sono stati richiesti (come vedere un video, una mappa geografica o inserire commenti su un blog).<\/p>\r\n<p>3 \u2013 Cookie di prestazione: questi cookie raccolgono informazioni su come l\u2019utente usa il sito internet (per esempio quali pagine visita pi\u00f9 spesso e se riceve messaggi di errore dalle pagine del sito). Le informazione accumulate da questi cookie sono utilizzate solo per migliorare il funzionamento del sito internet. Alcuni di questi cookie sono cookie di terzi.<\/p>\r\n<p>4 \u2013 Cookie per fini statistici: questi cookie sono utilizzati per analizzare statisticamente gli accessi\/le visite al sito (cookie cosiddetti \u201canalytics\u201d) se perseguono esclusivamente scopi statistici e raccolgono informazioni in forma aggregata. Questi cookie sono generalmente cookie di terzi.<\/p>\r\n<p>5 \u2013 Cookie pubblicitari o di marketing: si tratta di cookie che servono per fornire annunci pubblicitari che siano pi\u00f9 adatti per l\u2019utente e per i suoi interessi. Sono altres\u00ec utilizzati per ridurre il numero delle volte in cui un utente vedete un messaggio pubblicitario e aiutano a verificare l\u2019efficacia di una campagna pubblicitaria. Questi cookie sono generalmente cookie di terzi.<\/p>\r\n<p>Nessun dato personale degli utenti viene in proposito acquisito dal sito. I cookies di sessione utilizzati in questo sito evitano il ricorso ad altre tecniche informatiche potenzialmente pregiudizievoli per la riservatezza della navigazione degli utenti e non consentono l\u2019acquisizione di dati personali identificativi dell\u2019utente.<\/p>\r\n<p>A che cosa servono i cookies?Utilizziamo i cookie e altri dati memorizzati sul dispositivo per:<\/p>\r\n<ul>\r\n<li>fornire una migliore esperienza online<\/li>\r\n<li>permettere di impostare le preferenze personali<\/li>\r\n<li>proteggere la vostra sicurezza<\/li>\r\n<li>valutare e migliorare il nostro servizio<\/li>\r\n<li>collaborare con i partner e misurare le performance marketing<\/li>\r\n<\/ul>\r\n<p>Quali sono le informazioni mantenute dal cookie? Un cookie in genere contiene:<\/p>\r\n<ul>\r\n<li>il nome del sito da cui sei arrivato<\/li>\r\n<li>per quanto tempo il cookie rimarr\u00e0 installato sul vostro computer o dispositivo tablet\/smartphone<\/li>\r\n<li>un valore, solitamente un numero, generato in modo casuale.<\/li>\r\n<\/ul>\r\n<p>Quanto tempo i cookie rimangono sul tuo computer?<\/p>\r\n<p><strong>Cookie di sessione<\/strong> \u2013 questi cookie rimangono solo fino alla chiusura del browser. Non vengono memorizzati sul disco rigido. Sono di solito utilizzati per tenere traccia delle pagine visitate in modo che le informazioni possano essere personalizzate per voi per quella visita.<\/p>\r\n<p><strong>Cookie permanenti<\/strong> \u2013 sono memorizzati sul disco fisso finch\u00e9 non vengono cancellati o raggiungono la loro data di scadenza. Questi possono, ad esempio, essere utilizzati per ricordare le preferenze quando si utilizza il sito.<\/p>\r\n<p>Come i cookie influenzano la tua privacy?<br \/>Potete visitare il nostro sito web senza rivelare alcuna informazione personale. Proteggiamo le tue informazioni personali con molta attenzione. La sicurezza e la sicurezza dei vostri dati personali \u00e8 molto importante per noi.<\/p>\r\n<p>Ogni utente pu\u00f2 disattivare\/attivare i cookie dal suo dispositivo attraverso il suo browser internet. Se non vengono abilitati i cookie sul dispositivo di un utente, la sua esperienza sul nostro sito internet potrebbe essere limitata. Navigando sul nostro sito e non disattivando i cookie attraverso il browser, l\u2019utente esprime il consenso al posizionamento di cookie sul suo dispositivo.<\/p>\r\n<p>Come disabilitare\/abilitare i cookies?<br \/>Potrete disattivare\/attivare i cookies dal Vostro dispositivo attraverso il Vostro browser internet. Di seguito le indicazioni di come potrete gestire i cookies sul Vostro computer attraverso alcuni dei principali browser internet.<\/p>\r\n<p>Per le informazioni su come gestire i cookies sul Vostro tablet e\/o telefono cellulare Vi preghiamo di consultare la Vostra documentazione o i file online di aiuto.<\/p>\r\n<p><strong>Google Chrome<\/strong>: Nel menu impostazioni, selezionare \u201cmostra impostazioni avanzate\u201d in fondo alla pagina. Selezionare il tasto \u201ccontenuto impostazioni\u201d nella sezione privacy. La sezione in alto alla pagina che appare successivamente Vi spiega i cookies e vi permette di selezionare i cookies che volete. Vi consente anche di cancellare ogni cookie attualmente archiviato.<\/p>\r\n<p><strong>Mozilla Firefox<\/strong>: Nel men\u00f9 degli strumenti, selezionare \u201copzioni\u201d. Selezionare il tasto \u201cprivacy\u201d nella cartella \u201copzioni\u201d. Dal men\u00f9 a tendina scegliere \u201cimpostazioni cronologia\u201d. Questo Vi mostrer\u00e0 le opzioni per i cookies e potrete scegliere di abilitarli o disabilitarli cliccando sulla casella.<\/p>\r\n<p><strong>Internet Explorer 6+<\/strong>: sulla barra dei men\u00f9, selezionare \u201copzioni internet\u201d. Cliccare sul tasto \u201cprivacy\u201d. Vedrete un cursore delle impostazioni privacy che possiede sei impostazioni che Vi consentono di controllare il numero dei cookies che saranno posizionati: Blocca tutti i Cookies, Alta, Media alta, Media (livello predefinito), Bassa, e Accetta tutti i Cookies.<\/p>\r\n<p><strong>Safari browser<\/strong>: Nel men\u00f9 impostazioni, selezionare opzione \u201cpreferenze\u201d. Aprire la sezione privacy. Selezionare l\u2019opzione che vuoi dalla sezione \u201cblocco cookies\u201d.<\/p>\r\n<p><strong>Tutti gli altri browsers:<\/strong> Per le informazioni su come gestire i cookies attraverso altri browser, consultate la Vostra documentazione o i file online di aiuto.<\/p>\r\n<p>Per non ricevere i cookie di Google Analytics visita la pagina: https:\/\/tools.google.com\/dlpage\/gaoptout\/<\/p>\r\n<p><strong>Monitoraggio e statistiche<\/strong><\/p>\r\n<p>Questo sito Web utilizza un servizio di Web Analytics fornito da Google. Il sistema di misurazione pu\u00f2 far uso di \u201ccookies\u201d, piccoli file di testo che vengono depositati sul PC del navigatore per consentire di analizzare anonimamente le modalit\u00e0 di utilizzo del sito. Le informazioni, completamente anonime, memorizzate nei cookies sono: data e ora di accesso al sito, ID univoco, ID di sessione. Questi dati vengono inviati ai server Google dove \u00e8 stato installato il software Google Analytics per elaborare report relativi alle modalit\u00e0 di utilizzo di questo sito Web, alle attivit\u00e0 di web marketing, nonch\u00e8 per fornire al navigatore funzionalit\u00e0 e interazione durante la navigazione. Google potrebbe trasferire queste informazioni a terzi che trattino dati per suo nome e conto, o qualora ci\u00f2 sia imposto da norme imperative. In qualunque momento \u00e8 possibile disabilitare i cookies dal PC modificando le impostazioni di Sicurezza e Privacy presenti sul browser, ma quest\u2019opzione potrebbe limitare molte delle funzionalit\u00e0 di navigazione del sito. L\u2019informativa completa, resa ai sensi dell\u2019art. 13 D. lgs. n. 196\/03, \u00e8 disponibile su http:\/\/www.google.it\/intl\/it\/policies\/.<\/p>\r\n<p>Proseguendo la navigazione sul presente sito, dichiari di aver preso visione dell\u2019informativa di cui all\u2019art. 13 D. lgs. n. 196\/03 e manifesti il consenso informato al trattamento dei tuoi dati personali da parte di Google, con le modalit\u00e0 e ai fini sopraindicati.<\/p>\r\n<p><strong>Approfondimenti<\/strong><\/p>\r\n<p>Per approfondire la normativa vai al sito del Garante della Privacy.<\/p>\r\n<p><strong>Automazioni Srl<\/strong><br \/>Via Palladio, 19<br \/>33010 Tavagnacco (Ud) &#8211; Italia<br \/>C.F. e P. Iva 01738700309<br \/><br \/>Privacy e note legali \u00a9 2017 Automazioni Srl<\/p>\t\t\t\t\t\t<\/div>\n\t\t\t\t<\/div>\n\t\t\t\t\t<\/div>\n\t\t<\/div>\n\t\t\t\t\t\t\t<\/div>\n\t\t<\/section>\n\t\t\t\t\t\t\t<\/div>\n\t\t","protected":false},"excerpt":{"rendered":"<p>PRIVACY E NOTE LEGALI Informativa ai sensi dell\u2019art. 13 del D.Lgs. 196\/03 Codice in materia di protezione dei dati personali I Suoi dati personali saranno trattati<span class=\"excerpt-hellip\"> [\u2026]<\/span><\/p>\n","protected":false},"author":1,"featured_media":0,"parent":0,"menu_order":0,"comment_status":"closed","ping_status":"closed","template":"","meta":{"_themeisle_gutenberg_block_has_review":false,"footnotes":""},"class_list":["post-774","page","type-page","status-publish","hentry"],"_links":{"self":[{"href":"https:\/\/www.automazionisrl.com\/en\/wp-json\/wp\/v2\/pages\/774","targetHints":{"allow":["GET"]}}],"collection":[{"href":"https:\/\/www.automazionisrl.com\/en\/wp-json\/wp\/v2\/pages"}],"about":[{"href":"https:\/\/www.automazionisrl.com\/en\/wp-json\/wp\/v2\/types\/page"}],"author":[{"embeddable":true,"href":"https:\/\/www.automazionisrl.com\/en\/wp-json\/wp\/v2\/users\/1"}],"replies":[{"embeddable":true,"href":"https:\/\/www.automazionisrl.com\/en\/wp-json\/wp\/v2\/comments?post=774"}],"version-history":[{"count":1,"href":"https:\/\/www.automazionisrl.com\/en\/wp-json\/wp\/v2\/pages\/774\/revisions"}],"predecessor-version":[{"id":775,"href":"https:\/\/www.automazionisrl.com\/en\/wp-json\/wp\/v2\/pages\/774\/revisions\/775"}],"wp:attachment":[{"href":"https:\/\/www.automazionisrl.com\/en\/wp-json\/wp\/v2\/media?parent=774"}],"curies":[{"name":"wp","href":"https:\/\/api.w.org\/{rel}","templated":true}]}}